{"id":97,"date":"2023-01-23T15:47:33","date_gmt":"2023-01-23T15:47:33","guid":{"rendered":"http:\/\/berlin.guide24.berlin\/?page_id=97"},"modified":"2023-01-23T15:47:33","modified_gmt":"2023-01-23T15:47:33","slug":"fahrradtour-potsdam","status":"publish","type":"page","link":"https:\/\/guide24.berlin\/?page_id=97","title":{"rendered":"Fahrradtour Potsdam"},"content":{"rendered":"\n<h1>Fahrradtour Potsdam<\/h1>\n\n\n\n<p><strong>\u201cK\u00f6nigliche Visionen\u201d \u2013 Traum oder Wirklichkeit?<\/strong><strong><br><\/strong>(Eine Tagestour mit Pausen und Besichtigungen.)<\/p>\n\n\n\n<p><strong>L\u00e4nge:<\/strong> 25 \u2013 50 km | Dauer: 4 \u2013 8 Stunden<br>Wegbeschaffenheit: Flachland, Radwege u. befestigte Waldwege; gut befahrbar<\/p>\n\n\n\n<p><strong>Treffpunkt:<\/strong> Je nach Wunsch, z.B. Alter Markt in Potdam oder Abholung vom Hotel<\/p>\n\n\n\n<p>Abweichungen zur Dauer und Route sind m\u00f6glich.<\/p>\n\n\n\n<ul>\n<li>Start: 09:30 Uhr: Auf Radwegen und durch Waldgebiet entlang der Havel geht es in die 1000 j\u00e4hrige Stadt Potsdam, vorbei an Schl\u00f6ssern und G\u00e4rten, Villenkolonien und historischen Friedh\u00f6fen bis zum kaiserlichen Krongut Bornstedt.<\/li>\n\n\n\n<li>ca. 12:30 Uhr: Mittagspause im k\u00f6niglichen Krongut oder in einem Restaurant nach Wahl, im Anschluss Besichtigung einer Sehensw\u00fcrdigkeit ihrer Wahl im Park Sanssouci.<\/li>\n<\/ul>\n\n\n\n<p><em>(Bitte beachten: F\u00fcr einen Schlo\u00dfbesuch ist eine Reservierung notwendig.)<\/em><\/p>\n\n\n\n<ul>\n<li>ca: 15:30 Uhr: Weiterfahrt in n\u00f6rdlicher Richtung; folgende Sehensw\u00fcrdigkeiten stehen jetzt auf dem Programm: Siedlung Alexandrowka, Buga Park, Pfingstberg mit Belved\u00e9re-Schlo\u00df, \u201eRussisch verbotene Stadt\u201d, im Anschluss: Neuer Garten mit Cecilienhof, Marmorpalais, Deutsch-Deutschen Staatsgrenze<\/li>\n\n\n\n<li>ca: 17:00 Uhr: Weiter geht es Richtung Innenstadt, vorbei am Holl\u00e4nder Viertel, Platz der Einheit, Alter Markt<\/li>\n<\/ul>\n\n\n\n<p>ca. 18.00 Uhr: R\u00fcckkehr zum Hotel<\/p>\n\n\n\n<div class=\"is-layout-flex wp-container-2 wp-block-columns\">\n<div class=\"is-layout-flow wp-block-column\">\n<figure class=\"wp-block-image size-full\"><img decoding=\"async\" loading=\"lazy\" width=\"200\" height=\"150\" src=\"https:\/\/guide24.berlin\/wp-content\/uploads\/2023\/01\/Pfaueninsel_Fahrradtouren-Potsdam.jpg\" alt=\"\" class=\"wp-image-193\" srcset=\"https:\/\/guide24.berlin\/wp-content\/uploads\/2023\/01\/Pfaueninsel_Fahrradtouren-Potsdam.jpg 200w, https:\/\/guide24.berlin\/wp-content\/uploads\/2023\/01\/Pfaueninsel_Fahrradtouren-Potsdam-140x105.jpg 140w\" sizes=\"(max-width: 200px) 100vw, 200px\" \/><\/figure>\n<\/div>\n<\/div>\n","protected":false},"excerpt":{"rendered":"<p>Fahrradtour Potsdam \u201cK\u00f6nigliche Visionen\u201d \u2013 Traum oder Wirklichkeit?(Eine Tagestour mit Pausen und Besichtigungen.) L\u00e4nge: 25 \u2013 50 km | Dauer: 4 \u2013 8 StundenWegbeschaffenheit: Flachland, Radwege u. befestigte Waldwege; gut&hellip;<\/p>\n","protected":false},"author":1,"featured_media":0,"parent":0,"menu_order":0,"comment_status":"closed","ping_status":"closed","template":"","meta":[],"_links":{"self":[{"href":"https:\/\/guide24.berlin\/index.php?rest_route=\/wp\/v2\/pages\/97"}],"collection":[{"href":"https:\/\/guide24.berlin\/index.php?rest_route=\/wp\/v2\/pages"}],"about":[{"href":"https:\/\/guide24.berlin\/index.php?rest_route=\/wp\/v2\/types\/page"}],"author":[{"embeddable":true,"href":"https:\/\/guide24.berlin\/index.php?rest_route=\/wp\/v2\/users\/1"}],"replies":[{"embeddable":true,"href":"https:\/\/guide24.berlin\/index.php?rest_route=%2Fwp%2Fv2%2Fcomments&post=97"}],"version-history":[{"count":0,"href":"https:\/\/guide24.berlin\/index.php?rest_route=\/wp\/v2\/pages\/97\/revisions"}],"wp:attachment":[{"href":"https:\/\/guide24.berlin\/index.php?rest_route=%2Fwp%2Fv2%2Fmedia&parent=97"}],"curies":[{"name":"wp","href":"https:\/\/api.w.org\/{rel}","templated":true}]}}