{"id":95,"date":"2023-01-23T15:47:14","date_gmt":"2023-01-23T15:47:14","guid":{"rendered":"http:\/\/berlin.guide24.berlin\/?page_id=95"},"modified":"2023-01-23T15:47:14","modified_gmt":"2023-01-23T15:47:14","slug":"spaziergaenge-potsdam","status":"publish","type":"page","link":"https:\/\/guide24.berlin\/?page_id=95","title":{"rendered":"Spazierg\u00e4nge Potsdam"},"content":{"rendered":"\n<h1>Spazierg\u00e4nge Potsdam<\/h1>\n\n\n\n<p><strong>Stadtf\u00fchrung durch das historische Potsdam mit Tagesprogramm:<\/strong><\/p>\n\n\n\n<p>1. Das Preu\u00dfische Arkadien \u2013 Entdeckungen der ganz besonderen Art<br>2. Schl\u00f6sser und G\u00e4rten, Sichtachsen und Weltkulturerbe der UNESCO<br>3. Glienicker Br\u00fccke \u2013 Spione, Agenten und Teilung<br>4. Gartentr\u00e4ume vom 17.&nbsp; bis 20. Jahrhundert&nbsp; in Potsdam<br>5. Deutsch-Deutsche und Internationale Politik: Das Potsdamer Abkommen und das Schlo\u00df Cecilienhof<br>6. Villenkolonien in Potsdam und&nbsp; Babelsberg zwischen gestern und heute. Ver\u00e4nderungen?<br>7. Die Macht des Milit\u00e4rs in Preu\u00dfen<br>8. Potsdam und die Entwicklung einer Stadt durch die Jahrhunderte<br>9. Kosmos \u2013 auf den Spuren von Alexander und Wilhelm von Humboldt&nbsp;<\/p>\n\n\n\n<div class=\"is-layout-flex wp-container-5 wp-block-columns\">\n<div class=\"is-layout-flow wp-block-column\">\n<figure class=\"wp-block-image size-full\"><img decoding=\"async\" loading=\"lazy\" width=\"175\" height=\"120\" src=\"https:\/\/guide24.berlin\/wp-content\/uploads\/2023\/01\/busrundfahrten-potsdam-schloss-cecilienhof-1.jpg\" alt=\"\" class=\"wp-image-187\" srcset=\"https:\/\/guide24.berlin\/wp-content\/uploads\/2023\/01\/busrundfahrten-potsdam-schloss-cecilienhof-1.jpg 175w, https:\/\/guide24.berlin\/wp-content\/uploads\/2023\/01\/busrundfahrten-potsdam-schloss-cecilienhof-1-140x96.jpg 140w\" sizes=\"(max-width: 175px) 100vw, 175px\" \/><\/figure>\n<\/div>\n\n\n\n<div class=\"is-layout-flow wp-block-column\">\n<figure class=\"wp-block-image size-full\"><img decoding=\"async\" loading=\"lazy\" width=\"175\" height=\"120\" src=\"https:\/\/guide24.berlin\/wp-content\/uploads\/2023\/01\/busrundfahrten-potsdam-weingarten-1.jpg\" alt=\"\" class=\"wp-image-188\" srcset=\"https:\/\/guide24.berlin\/wp-content\/uploads\/2023\/01\/busrundfahrten-potsdam-weingarten-1.jpg 175w, https:\/\/guide24.berlin\/wp-content\/uploads\/2023\/01\/busrundfahrten-potsdam-weingarten-1-140x96.jpg 140w\" sizes=\"(max-width: 175px) 100vw, 175px\" \/><\/figure>\n<\/div>\n\n\n\n<div class=\"is-layout-flow wp-block-column\">\n<figure class=\"wp-block-image size-full\"><img decoding=\"async\" loading=\"lazy\" width=\"178\" height=\"120\" src=\"https:\/\/guide24.berlin\/wp-content\/uploads\/2023\/01\/gitterpavillon-guide-berlin.jpg\" alt=\"\" class=\"wp-image-189\" srcset=\"https:\/\/guide24.berlin\/wp-content\/uploads\/2023\/01\/gitterpavillon-guide-berlin.jpg 178w, https:\/\/guide24.berlin\/wp-content\/uploads\/2023\/01\/gitterpavillon-guide-berlin-140x94.jpg 140w\" sizes=\"(max-width: 178px) 100vw, 178px\" \/><\/figure>\n<\/div>\n\n\n\n<div class=\"is-layout-flow wp-block-column\">\n<figure class=\"wp-block-image size-full\"><img decoding=\"async\" loading=\"lazy\" width=\"87\" height=\"120\" src=\"https:\/\/guide24.berlin\/wp-content\/uploads\/2023\/01\/busrundfahrten-potsdam-marmorpalais_springbrunnen-1.jpg\" alt=\"\" class=\"wp-image-191\"\/><\/figure>\n<\/div>\n<\/div>\n","protected":false},"excerpt":{"rendered":"<p>Spazierg\u00e4nge Potsdam Stadtf\u00fchrung durch das historische Potsdam mit Tagesprogramm: 1. Das Preu\u00dfische Arkadien \u2013 Entdeckungen der ganz besonderen Art2. Schl\u00f6sser und G\u00e4rten, Sichtachsen und Weltkulturerbe der UNESCO3. Glienicker Br\u00fccke \u2013&hellip;<\/p>\n","protected":false},"author":1,"featured_media":0,"parent":0,"menu_order":0,"comment_status":"closed","ping_status":"closed","template":"","meta":[],"_links":{"self":[{"href":"https:\/\/guide24.berlin\/index.php?rest_route=\/wp\/v2\/pages\/95"}],"collection":[{"href":"https:\/\/guide24.berlin\/index.php?rest_route=\/wp\/v2\/pages"}],"about":[{"href":"https:\/\/guide24.berlin\/index.php?rest_route=\/wp\/v2\/types\/page"}],"author":[{"embeddable":true,"href":"https:\/\/guide24.berlin\/index.php?rest_route=\/wp\/v2\/users\/1"}],"replies":[{"embeddable":true,"href":"https:\/\/guide24.berlin\/index.php?rest_route=%2Fwp%2Fv2%2Fcomments&post=95"}],"version-history":[{"count":0,"href":"https:\/\/guide24.berlin\/index.php?rest_route=\/wp\/v2\/pages\/95\/revisions"}],"wp:attachment":[{"href":"https:\/\/guide24.berlin\/index.php?rest_route=%2Fwp%2Fv2%2Fmedia&parent=95"}],"curies":[{"name":"wp","href":"https:\/\/api.w.org\/{rel}","templated":true}]}}