{"id":91,"date":"2023-01-23T15:46:24","date_gmt":"2023-01-23T15:46:24","guid":{"rendered":"http:\/\/berlin.guide24.berlin\/?page_id=91"},"modified":"2023-01-23T15:46:24","modified_gmt":"2023-01-23T15:46:24","slug":"schiffrundfahrt-durch-potsdam","status":"publish","type":"page","link":"https:\/\/guide24.berlin\/?page_id=91","title":{"rendered":"Schiffrundfahrt durch Potsdam"},"content":{"rendered":"\n<h1>Schiffrundfahrt durch Potsdam<\/h1>\n\n\n\n<p><strong>Schl\u00f6sserrundfahrt durch Potsdam \/ Dauer: ca. 2 Stunden<\/strong><\/p>\n\n\n\n<p>Am Alten Markt vorbei an der Nikolaikirche und Altem Rathaus geht es weiter in Richtung Glienicker Br\u00fccke, (Agentenaustauschbr\u00fccke im \u201eKalten Krieg\u201c), mit Blick auf Schlo\u00df Babelsberg und Park Glienicke, weiter zum Jungfernsee mit einem traumhaften Panorama von Schlo\u00df Cecilienhof (St\u00e4tte der Potsdamer Konfernez 1945) und Meierei (Brauhausrestaurant heute).<\/p>\n\n\n\n<div class=\"is-layout-flex wp-container-3 wp-block-columns\">\n<div class=\"is-layout-flow wp-block-column\">\n<figure class=\"wp-block-image size-full\"><img decoding=\"async\" loading=\"lazy\" width=\"300\" height=\"200\" src=\"https:\/\/guide24.berlin\/wp-content\/uploads\/2023\/01\/schiffbabelsberg-stadtfuehrungen-potsdam-300x200-1.jpg\" alt=\"\" class=\"wp-image-184\" srcset=\"https:\/\/guide24.berlin\/wp-content\/uploads\/2023\/01\/schiffbabelsberg-stadtfuehrungen-potsdam-300x200-1.jpg 300w, https:\/\/guide24.berlin\/wp-content\/uploads\/2023\/01\/schiffbabelsberg-stadtfuehrungen-potsdam-300x200-1-140x93.jpg 140w\" sizes=\"(max-width: 300px) 100vw, 300px\" \/><\/figure>\n<\/div>\n\n\n\n<div class=\"is-layout-flow wp-block-column\">\n<figure class=\"wp-block-image size-full\"><img decoding=\"async\" loading=\"lazy\" width=\"300\" height=\"200\" src=\"https:\/\/guide24.berlin\/wp-content\/uploads\/2023\/01\/potsdam-hans-otto-theater-300x200-1.jpg\" alt=\"\" class=\"wp-image-185\" srcset=\"https:\/\/guide24.berlin\/wp-content\/uploads\/2023\/01\/potsdam-hans-otto-theater-300x200-1.jpg 300w, https:\/\/guide24.berlin\/wp-content\/uploads\/2023\/01\/potsdam-hans-otto-theater-300x200-1-140x93.jpg 140w\" sizes=\"(max-width: 300px) 100vw, 300px\" \/><\/figure>\n<\/div>\n<\/div>\n","protected":false},"excerpt":{"rendered":"<p>Schiffrundfahrt durch Potsdam Schl\u00f6sserrundfahrt durch Potsdam \/ Dauer: ca. 2 Stunden Am Alten Markt vorbei an der Nikolaikirche und Altem Rathaus geht es weiter in Richtung Glienicker Br\u00fccke, (Agentenaustauschbr\u00fccke im&hellip;<\/p>\n","protected":false},"author":1,"featured_media":0,"parent":0,"menu_order":0,"comment_status":"closed","ping_status":"closed","template":"","meta":[],"_links":{"self":[{"href":"https:\/\/guide24.berlin\/index.php?rest_route=\/wp\/v2\/pages\/91"}],"collection":[{"href":"https:\/\/guide24.berlin\/index.php?rest_route=\/wp\/v2\/pages"}],"about":[{"href":"https:\/\/guide24.berlin\/index.php?rest_route=\/wp\/v2\/types\/page"}],"author":[{"embeddable":true,"href":"https:\/\/guide24.berlin\/index.php?rest_route=\/wp\/v2\/users\/1"}],"replies":[{"embeddable":true,"href":"https:\/\/guide24.berlin\/index.php?rest_route=%2Fwp%2Fv2%2Fcomments&post=91"}],"version-history":[{"count":0,"href":"https:\/\/guide24.berlin\/index.php?rest_route=\/wp\/v2\/pages\/91\/revisions"}],"wp:attachment":[{"href":"https:\/\/guide24.berlin\/index.php?rest_route=%2Fwp%2Fv2%2Fmedia&parent=91"}],"curies":[{"name":"wp","href":"https:\/\/api.w.org\/{rel}","templated":true}]}}