{"id":89,"date":"2023-01-23T15:46:01","date_gmt":"2023-01-23T15:46:01","guid":{"rendered":"http:\/\/berlin.guide24.berlin\/?page_id=89"},"modified":"2023-01-23T15:46:01","modified_gmt":"2023-01-23T15:46:01","slug":"schiffrundfahrt-durch-berlin","status":"publish","type":"page","link":"https:\/\/guide24.berlin\/?page_id=89","title":{"rendered":"Schiffrundfahrt durch Berlin"},"content":{"rendered":"\n<p><strong>Eine Kaffeefahrt durch Kan\u00e4le und auf der Spree durch die Innenstadt<\/strong> <strong>\/ Dauer: ca. 2 Stunden<\/strong><\/p>\n\n\n\n<p>Die Fahrt f\u00fchrt Sie durch die Oberbaumbr\u00fccke, die M\u00fchlendammschleuse und vorbei am Nikolaiviertel, Palast der Republik, Berliner Dom, Museumsinsel, Reichstag, Charit\u00e9, Regierungsviertel, Haus der Kulturen der Welt, Schlo\u00df Bellevue, dem Spreebogen und dem Schlo\u00df Charlottenburg.<\/p>\n\n\n\n<div class=\"is-layout-flex wp-container-3 wp-block-columns\">\n<div class=\"is-layout-flow wp-block-column\">\n<figure class=\"wp-block-image size-full\"><img decoding=\"async\" loading=\"lazy\" width=\"160\" height=\"120\" src=\"https:\/\/guide24.berlin\/wp-content\/uploads\/2023\/01\/Berlin-Molcule.jpg\" alt=\"\" class=\"wp-image-181\" srcset=\"https:\/\/guide24.berlin\/wp-content\/uploads\/2023\/01\/Berlin-Molcule.jpg 160w, https:\/\/guide24.berlin\/wp-content\/uploads\/2023\/01\/Berlin-Molcule-140x105.jpg 140w\" sizes=\"(max-width: 160px) 100vw, 160px\" \/><\/figure>\n<\/div>\n\n\n\n<div class=\"is-layout-flow wp-block-column\">\n<figure class=\"wp-block-image size-full\"><img decoding=\"async\" loading=\"lazy\" width=\"160\" height=\"120\" src=\"https:\/\/guide24.berlin\/wp-content\/uploads\/2023\/01\/Berlin-Oberbaumbruecke-Stadtfuehrungen.jpg\" alt=\"\" class=\"wp-image-182\" srcset=\"https:\/\/guide24.berlin\/wp-content\/uploads\/2023\/01\/Berlin-Oberbaumbruecke-Stadtfuehrungen.jpg 160w, https:\/\/guide24.berlin\/wp-content\/uploads\/2023\/01\/Berlin-Oberbaumbruecke-Stadtfuehrungen-140x105.jpg 140w\" sizes=\"(max-width: 160px) 100vw, 160px\" \/><\/figure>\n<\/div>\n<\/div>\n","protected":false},"excerpt":{"rendered":"<p>Eine Kaffeefahrt durch Kan\u00e4le und auf der Spree durch die Innenstadt \/ Dauer: ca. 2 Stunden Die Fahrt f\u00fchrt Sie durch die Oberbaumbr\u00fccke, die M\u00fchlendammschleuse und vorbei am Nikolaiviertel, Palast&hellip;<\/p>\n","protected":false},"author":1,"featured_media":0,"parent":0,"menu_order":0,"comment_status":"closed","ping_status":"closed","template":"","meta":[],"_links":{"self":[{"href":"https:\/\/guide24.berlin\/index.php?rest_route=\/wp\/v2\/pages\/89"}],"collection":[{"href":"https:\/\/guide24.berlin\/index.php?rest_route=\/wp\/v2\/pages"}],"about":[{"href":"https:\/\/guide24.berlin\/index.php?rest_route=\/wp\/v2\/types\/page"}],"author":[{"embeddable":true,"href":"https:\/\/guide24.berlin\/index.php?rest_route=\/wp\/v2\/users\/1"}],"replies":[{"embeddable":true,"href":"https:\/\/guide24.berlin\/index.php?rest_route=%2Fwp%2Fv2%2Fcomments&post=89"}],"version-history":[{"count":0,"href":"https:\/\/guide24.berlin\/index.php?rest_route=\/wp\/v2\/pages\/89\/revisions"}],"wp:attachment":[{"href":"https:\/\/guide24.berlin\/index.php?rest_route=%2Fwp%2Fv2%2Fmedia&parent=89"}],"curies":[{"name":"wp","href":"https:\/\/api.w.org\/{rel}","templated":true}]}}