{"id":69,"date":"2023-01-23T15:37:57","date_gmt":"2023-01-23T15:37:57","guid":{"rendered":"http:\/\/berlin.guide24.berlin\/?page_id=69"},"modified":"2023-01-25T10:01:17","modified_gmt":"2023-01-25T10:01:17","slug":"busrundfahrten-berlin","status":"publish","type":"page","link":"https:\/\/guide24.berlin\/?page_id=69","title":{"rendered":"Busrundfahrten Berlin"},"content":{"rendered":"\n<h1><strong>Stadtf\u00fchrung durch das historische und neue Berlin mit Tagesprogramm<\/strong><\/h1>\n\n\n\n<p><\/p>\n\n\n\n<p><strong>Rundfahrt zu folgenden Sehensw\u00fcrdigkeiten:<\/strong><\/p>\n\n\n\n<p>Funkturm<br>Messezentrum<br>Kurf\u00fcrstendamm<br>Stra\u00dfe des 17. Juni<br>das Neue Regierungsviertel<br>Siegess\u00e4ule im Tiergarten<br>Schlo\u00df Bellevue<br>Haus der Kulturen der Welt<br>Reichstag<br>Friedrichstra\u00dfe<br>Museumsinsel mit Pergamonmuseum<br>Alexanderplatz mit Fernsehturm<br>Berliner Dom<\/p>\n\n\n\n<p>Rotes Rathaus<br>Nikolaiviertel<br>Eastside Gallery<br>Oberbaumbr\u00fccke<br>Checkpoint Charlie (Mauermuseum)<br>Landwehrkanal \/ Kreuzberg<br>Technikermuseum<br>Potsdamer Platz<br>Brandenburger Tor<br>Gendarmenmarkt<\/p>\n\n\n\n<p>Pause: Mittagessen am Gendarmenmarkt<\/p>\n\n\n\n<p>Besichtigung des Schlosses Charlottenburg<\/p>\n\n\n\n<p>R\u00fcckkehr zum Hotel<\/p>\n\n\n\n<div class=\"is-layout-constrained wp-block-group\"><div class=\"wp-block-group__inner-container\">\n<div class=\"is-layout-flex wp-container-5 wp-block-columns\">\n<div class=\"is-layout-flow wp-block-column\" style=\"flex-basis:25%\">\n<figure class=\"wp-block-image size-full\"><img decoding=\"async\" loading=\"lazy\" width=\"179\" height=\"120\" src=\"https:\/\/guide24.berlin\/wp-content\/uploads\/2023\/01\/gaestefuehrung-reichstag-1.jpg\" alt=\"\" class=\"wp-image-155\" srcset=\"https:\/\/guide24.berlin\/wp-content\/uploads\/2023\/01\/gaestefuehrung-reichstag-1.jpg 179w, https:\/\/guide24.berlin\/wp-content\/uploads\/2023\/01\/gaestefuehrung-reichstag-1-140x94.jpg 140w\" sizes=\"(max-width: 179px) 100vw, 179px\" \/><\/figure>\n<\/div>\n\n\n\n<div class=\"is-layout-flow wp-block-column\" style=\"flex-basis:25%\">\n<figure class=\"wp-block-image size-full\"><img decoding=\"async\" loading=\"lazy\" width=\"176\" height=\"120\" src=\"https:\/\/guide24.berlin\/wp-content\/uploads\/2023\/01\/gaestefuehrung-brandenburger-tor.jpg\" alt=\"\" class=\"wp-image-156\" srcset=\"https:\/\/guide24.berlin\/wp-content\/uploads\/2023\/01\/gaestefuehrung-brandenburger-tor.jpg 176w, https:\/\/guide24.berlin\/wp-content\/uploads\/2023\/01\/gaestefuehrung-brandenburger-tor-140x95.jpg 140w\" sizes=\"(max-width: 176px) 100vw, 176px\" \/><\/figure>\n<\/div>\n\n\n\n<div class=\"is-layout-flow wp-block-column\" style=\"flex-basis:25%\">\n<figure class=\"wp-block-image size-full\"><img decoding=\"async\" loading=\"lazy\" width=\"160\" height=\"120\" src=\"https:\/\/guide24.berlin\/wp-content\/uploads\/2023\/01\/gaestefuehrung-east-side-gallery.jpg\" alt=\"\" class=\"wp-image-157\" srcset=\"https:\/\/guide24.berlin\/wp-content\/uploads\/2023\/01\/gaestefuehrung-east-side-gallery.jpg 160w, https:\/\/guide24.berlin\/wp-content\/uploads\/2023\/01\/gaestefuehrung-east-side-gallery-140x105.jpg 140w\" sizes=\"(max-width: 160px) 100vw, 160px\" \/><\/figure>\n<\/div>\n\n\n\n<div class=\"is-layout-flow wp-block-column\" style=\"flex-basis:25%\">\n<figure class=\"wp-block-image size-full\"><img decoding=\"async\" loading=\"lazy\" width=\"160\" height=\"120\" src=\"https:\/\/guide24.berlin\/wp-content\/uploads\/2023\/01\/gaestefuehrung-kanzleramt.jpg\" alt=\"\" class=\"wp-image-158\" srcset=\"https:\/\/guide24.berlin\/wp-content\/uploads\/2023\/01\/gaestefuehrung-kanzleramt.jpg 160w, https:\/\/guide24.berlin\/wp-content\/uploads\/2023\/01\/gaestefuehrung-kanzleramt-140x105.jpg 140w\" sizes=\"(max-width: 160px) 100vw, 160px\" \/><\/figure>\n<\/div>\n<\/div>\n<\/div><\/div>\n","protected":false},"excerpt":{"rendered":"<p>Stadtf\u00fchrung durch das historische und neue Berlin mit Tagesprogramm Rundfahrt zu folgenden Sehensw\u00fcrdigkeiten: FunkturmMessezentrumKurf\u00fcrstendammStra\u00dfe des 17. Junidas Neue RegierungsviertelSiegess\u00e4ule im TiergartenSchlo\u00df BellevueHaus der Kulturen der WeltReichstagFriedrichstra\u00dfeMuseumsinsel mit PergamonmuseumAlexanderplatz mit FernsehturmBerliner&hellip;<\/p>\n","protected":false},"author":1,"featured_media":0,"parent":0,"menu_order":0,"comment_status":"closed","ping_status":"closed","template":"","meta":[],"_links":{"self":[{"href":"https:\/\/guide24.berlin\/index.php?rest_route=\/wp\/v2\/pages\/69"}],"collection":[{"href":"https:\/\/guide24.berlin\/index.php?rest_route=\/wp\/v2\/pages"}],"about":[{"href":"https:\/\/guide24.berlin\/index.php?rest_route=\/wp\/v2\/types\/page"}],"author":[{"embeddable":true,"href":"https:\/\/guide24.berlin\/index.php?rest_route=\/wp\/v2\/users\/1"}],"replies":[{"embeddable":true,"href":"https:\/\/guide24.berlin\/index.php?rest_route=%2Fwp%2Fv2%2Fcomments&post=69"}],"version-history":[{"count":1,"href":"https:\/\/guide24.berlin\/index.php?rest_route=\/wp\/v2\/pages\/69\/revisions"}],"predecessor-version":[{"id":288,"href":"https:\/\/guide24.berlin\/index.php?rest_route=\/wp\/v2\/pages\/69\/revisions\/288"}],"wp:attachment":[{"href":"https:\/\/guide24.berlin\/index.php?rest_route=%2Fwp%2Fv2%2Fmedia&parent=69"}],"curies":[{"name":"wp","href":"https:\/\/api.w.org\/{rel}","templated":true}]}}