{"id":65,"date":"2023-01-23T15:35:55","date_gmt":"2023-01-23T15:35:55","guid":{"rendered":"http:\/\/berlin.guide24.berlin\/?page_id=65"},"modified":"2023-01-23T15:35:55","modified_gmt":"2023-01-23T15:35:55","slug":"havellandtour","status":"publish","type":"page","link":"https:\/\/guide24.berlin\/?page_id=65","title":{"rendered":"Havellandtour"},"content":{"rendered":"\n<h1>Havellandtour<\/h1>\n\n\n\n<p><strong>Schl\u00f6sser und Gartenkultur. \u201cRibbeck von Ribbeck im Havelland\u201d, ein Birnbaum \u2026<\/strong><\/p>\n\n\n\n<p><strong>1. Die Prignitz<\/strong> \u2013 M\u00e4rkischer Adel und Herrenh\u00e4user<\/p>\n\n\n\n<p><strong>2. Die Niederlausitz<\/strong> \u2013 Vom Tagebau zur Seenlandschaft, die IBA-Terrassen, Internationale Bauausstellung<\/p>\n\n\n\n<p>Der \u201cFliegende Eifelturm\u201d, weltgr\u00f6\u00dfte F\u00f6rderbr\u00fccke F60 in Lichterfeld, das \u201cschwarze Gold\u201d der Lausitz.<\/p>\n\n\n\n<p><strong>3. Der Fl\u00e4ming<\/strong> \u2013 Fl\u00e4mingskate und Zinnaer \u201cKlosterbruder\u201d<\/p>\n","protected":false},"excerpt":{"rendered":"<p>Havellandtour Schl\u00f6sser und Gartenkultur. \u201cRibbeck von Ribbeck im Havelland\u201d, ein Birnbaum \u2026 1. Die Prignitz \u2013 M\u00e4rkischer Adel und Herrenh\u00e4user 2. Die Niederlausitz \u2013 Vom Tagebau zur Seenlandschaft, die IBA-Terrassen,&hellip;<\/p>\n","protected":false},"author":1,"featured_media":0,"parent":0,"menu_order":0,"comment_status":"closed","ping_status":"closed","template":"","meta":[],"_links":{"self":[{"href":"https:\/\/guide24.berlin\/index.php?rest_route=\/wp\/v2\/pages\/65"}],"collection":[{"href":"https:\/\/guide24.berlin\/index.php?rest_route=\/wp\/v2\/pages"}],"about":[{"href":"https:\/\/guide24.berlin\/index.php?rest_route=\/wp\/v2\/types\/page"}],"author":[{"embeddable":true,"href":"https:\/\/guide24.berlin\/index.php?rest_route=\/wp\/v2\/users\/1"}],"replies":[{"embeddable":true,"href":"https:\/\/guide24.berlin\/index.php?rest_route=%2Fwp%2Fv2%2Fcomments&post=65"}],"version-history":[{"count":0,"href":"https:\/\/guide24.berlin\/index.php?rest_route=\/wp\/v2\/pages\/65\/revisions"}],"wp:attachment":[{"href":"https:\/\/guide24.berlin\/index.php?rest_route=%2Fwp%2Fv2%2Fmedia&parent=65"}],"curies":[{"name":"wp","href":"https:\/\/api.w.org\/{rel}","templated":true}]}}