{"id":160,"date":"2023-01-24T09:07:34","date_gmt":"2023-01-24T09:07:34","guid":{"rendered":"http:\/\/berlin.guide24.berlin\/?page_id=160"},"modified":"2023-01-24T09:07:34","modified_gmt":"2023-01-24T09:07:34","slug":"busrundfahrten-potsdam","status":"publish","type":"page","link":"https:\/\/guide24.berlin\/?page_id=160","title":{"rendered":"Busrundfahrten Potsdam"},"content":{"rendered":"\n<p><strong>Stadtf\u00fchrung mit Bus&nbsp;inkl. Spaziergang durch Potsdam mit Tagesprogramm<\/strong><\/p>\n\n\n\n<p><strong>Spaziergang durch den Park Sanssouci zu folgenden Sehensw\u00fcrdigkeiten:<\/strong><\/p>\n\n\n\n<p> Chinesisches Teehaus<br> Neue Kammern<br> Neues Palais<br> Orangerie<br> Bildergalerie<\/p>\n\n\n\n<p>Besichtigung des Schlosses Sanssouci<br>(Bitte beachten: Eine F\u00fchrung durch das Schloss Sanssouci ist m\u00f6glich, jedoch mu\u00df eine Anmeldung rechtzeitig erfolgen.)<\/p>\n\n\n\n<p>Pause zum Mittagessen von preiswert bis exklusiv in einem Potsdamer Restaurant<\/p>\n\n\n\n<p><strong>Weiterfahrt mit dem Bus zum Neuen Garten und Rundgang durch den Landschaftspark mit m\u00f6glicher Besichtigung des Schlosses Cecilienhof, die St\u00e4tte des Potsdamer Abkommens im Jahr 1945<\/strong><\/p>\n\n\n\n<p> Russische Kolonie Alexandrowka<br> Glienicker Br\u00fccke<br> Schlo\u00df Babelsberg<br> Schlo\u00df Glienicke<br> Berliner Vorstadt<br> Holl\u00e4nderviertel<br> Neuer Markt<br> Nikolai Kirche<\/p>\n\n\n\n<p>R\u00fcckkehr zum Hotel<\/p>\n\n\n\n<div class=\"is-layout-flex wp-container-5 wp-block-columns\">\n<div class=\"is-layout-flow wp-block-column\">\n<figure class=\"wp-block-image size-full\"><img decoding=\"async\" loading=\"lazy\" width=\"175\" height=\"120\" src=\"https:\/\/guide24.berlin\/wp-content\/uploads\/2023\/01\/busrundfahrten-potsdam-russische-kolonie-blockhaus-2.jpg\" alt=\"\" class=\"wp-image-163\" srcset=\"https:\/\/guide24.berlin\/wp-content\/uploads\/2023\/01\/busrundfahrten-potsdam-russische-kolonie-blockhaus-2.jpg 175w, https:\/\/guide24.berlin\/wp-content\/uploads\/2023\/01\/busrundfahrten-potsdam-russische-kolonie-blockhaus-2-140x96.jpg 140w\" sizes=\"(max-width: 175px) 100vw, 175px\" \/><\/figure>\n<\/div>\n\n\n\n<div class=\"is-layout-flow wp-block-column\">\n<figure class=\"wp-block-image size-full\"><img decoding=\"async\" loading=\"lazy\" width=\"175\" height=\"120\" src=\"https:\/\/guide24.berlin\/wp-content\/uploads\/2023\/01\/busrundfahrten-potsdam-schloss-cecilienhof.jpg\" alt=\"\" class=\"wp-image-164\" srcset=\"https:\/\/guide24.berlin\/wp-content\/uploads\/2023\/01\/busrundfahrten-potsdam-schloss-cecilienhof.jpg 175w, https:\/\/guide24.berlin\/wp-content\/uploads\/2023\/01\/busrundfahrten-potsdam-schloss-cecilienhof-140x96.jpg 140w\" sizes=\"(max-width: 175px) 100vw, 175px\" \/><\/figure>\n<\/div>\n\n\n\n<div class=\"is-layout-flow wp-block-column\">\n<figure class=\"wp-block-image size-full\"><img decoding=\"async\" loading=\"lazy\" width=\"175\" height=\"120\" src=\"https:\/\/guide24.berlin\/wp-content\/uploads\/2023\/01\/busrundfahrten-potsdam-weingarten.jpg\" alt=\"\" class=\"wp-image-165\" srcset=\"https:\/\/guide24.berlin\/wp-content\/uploads\/2023\/01\/busrundfahrten-potsdam-weingarten.jpg 175w, https:\/\/guide24.berlin\/wp-content\/uploads\/2023\/01\/busrundfahrten-potsdam-weingarten-140x96.jpg 140w\" sizes=\"(max-width: 175px) 100vw, 175px\" \/><\/figure>\n<\/div>\n\n\n\n<div class=\"is-layout-flow wp-block-column\">\n<figure class=\"wp-block-image size-full\"><img decoding=\"async\" loading=\"lazy\" width=\"87\" height=\"120\" src=\"https:\/\/guide24.berlin\/wp-content\/uploads\/2023\/01\/busrundfahrten-potsdam-marmorpalais_springbrunnen.jpg\" alt=\"\" class=\"wp-image-166\"\/><\/figure>\n<\/div>\n<\/div>\n","protected":false},"excerpt":{"rendered":"<p>Stadtf\u00fchrung mit Bus&nbsp;inkl. Spaziergang durch Potsdam mit Tagesprogramm Spaziergang durch den Park Sanssouci zu folgenden Sehensw\u00fcrdigkeiten: Chinesisches Teehaus Neue Kammern Neues Palais Orangerie Bildergalerie Besichtigung des Schlosses Sanssouci(Bitte beachten: Eine&hellip;<\/p>\n","protected":false},"author":1,"featured_media":0,"parent":0,"menu_order":0,"comment_status":"closed","ping_status":"closed","template":"","meta":[],"_links":{"self":[{"href":"https:\/\/guide24.berlin\/index.php?rest_route=\/wp\/v2\/pages\/160"}],"collection":[{"href":"https:\/\/guide24.berlin\/index.php?rest_route=\/wp\/v2\/pages"}],"about":[{"href":"https:\/\/guide24.berlin\/index.php?rest_route=\/wp\/v2\/types\/page"}],"author":[{"embeddable":true,"href":"https:\/\/guide24.berlin\/index.php?rest_route=\/wp\/v2\/users\/1"}],"replies":[{"embeddable":true,"href":"https:\/\/guide24.berlin\/index.php?rest_route=%2Fwp%2Fv2%2Fcomments&post=160"}],"version-history":[{"count":0,"href":"https:\/\/guide24.berlin\/index.php?rest_route=\/wp\/v2\/pages\/160\/revisions"}],"wp:attachment":[{"href":"https:\/\/guide24.berlin\/index.php?rest_route=%2Fwp%2Fv2%2Fmedia&parent=160"}],"curies":[{"name":"wp","href":"https:\/\/api.w.org\/{rel}","templated":true}]}}