{"id":111,"date":"2023-01-23T15:49:32","date_gmt":"2023-01-23T15:49:32","guid":{"rendered":"http:\/\/berlin.guide24.berlin\/?page_id=111"},"modified":"2023-01-23T15:49:32","modified_gmt":"2023-01-23T15:49:32","slug":"wunschtouren","status":"publish","type":"page","link":"https:\/\/guide24.berlin\/?page_id=111","title":{"rendered":"Wunschtouren"},"content":{"rendered":"\n<h1>Wunschtouren Berlin und Potsdam<\/h1>\n\n\n\n<p><strong>Sicherlich werden Sie feststellen, dass das Tourenprogramm f\u00fcr Berlin, Potsdam und Umgebung unbegrenzte M\u00f6glichkeiten bietet. Vielleicht haben Sie bereits \u00fcber andere Tourenvarianten nachgedacht?<\/strong><\/p>\n\n\n\n<p>Gerne m\u00f6chte ich Ihnen auch dabei behilflich sein, um Ihren individuellen W\u00fcnschen gerecht zu werden. Treffen Sie einfach Ihre Auswahl mit den vorgegebenen Stichworten. Wenn Sie mir die Auswahl per e-mail zusenden, arbeite ich anhand Ihrer Vorgaben einen kostenlosen Tourenvorschlag aus.<\/p>\n\n\n\n<p> der Potsdamer Platz<br> das neue Berlin<br> das neue Potsdam<br> Unter den Linden<br> Schl\u00f6sser<br> Hinterhofidylle<br> Berliner Mauer<br> Museen<br> die K\u00f6nige Preu\u00dfens und Kaiser<br> der Kalte Krieg<br> Milit\u00e4rgeschichte<br> Kunstgeschichte<br> Parkanlagen<br> Gartenkunst<br> Wasserstra\u00dfen<br> Wissenschaft und Forschung<br> Architektur<br> Europ\u00e4ischer Einflu\u00df<br> die Holl\u00e4nder in Potsdam<br> die Russen in Potsdam<br> die Franzosen in Potsdam<br> die B\u00f6hmischen Weber<br> Babelsberg<br> Filmgeschichte<br> Pers\u00f6nlichkeiten der Wissenschaft<br> Pers\u00f6nlichkeiten der Kunst<br> Pers\u00f6nlichkeiten der Architektur<br> Pers\u00f6nlichkeiten der Musik<br> Napoleon<br> Nachtleben<br> Kulturszene<br> Fahrradtouren<br> Schiffstouren<br> Bustouren<br> Umlandtouren<br> Kultur&amp;Shopping<\/p>\n\n\n\n<div class=\"is-layout-flex wp-container-4 wp-block-columns\">\n<div class=\"is-layout-flow wp-block-column\">\n<figure class=\"wp-block-image size-full\"><img decoding=\"async\" loading=\"lazy\" width=\"98\" height=\"102\" src=\"https:\/\/guide24.berlin\/wp-content\/uploads\/2023\/01\/Touren-Berlin-Potsdam-Brandenburg_fragezeichen.jpg\" alt=\"\" class=\"wp-image-196\"\/><\/figure>\n<\/div>\n\n\n\n<div class=\"is-layout-flow wp-block-column\">\n<figure class=\"wp-block-image size-full\"><img decoding=\"async\" loading=\"lazy\" width=\"202\" height=\"144\" src=\"https:\/\/guide24.berlin\/wp-content\/uploads\/2023\/01\/stadtfuehrungen-potsdam-sanssouci.jpg\" alt=\"\" class=\"wp-image-197\" srcset=\"https:\/\/guide24.berlin\/wp-content\/uploads\/2023\/01\/stadtfuehrungen-potsdam-sanssouci.jpg 202w, https:\/\/guide24.berlin\/wp-content\/uploads\/2023\/01\/stadtfuehrungen-potsdam-sanssouci-140x100.jpg 140w\" sizes=\"(max-width: 202px) 100vw, 202px\" \/><\/figure>\n<\/div>\n\n\n\n<div class=\"is-layout-flow wp-block-column\">\n<figure class=\"wp-block-image size-full\"><img decoding=\"async\" loading=\"lazy\" width=\"202\" height=\"143\" src=\"https:\/\/guide24.berlin\/wp-content\/uploads\/2023\/01\/stadtfuehrungen-berlin-quadriga.jpg\" alt=\"\" class=\"wp-image-198\" srcset=\"https:\/\/guide24.berlin\/wp-content\/uploads\/2023\/01\/stadtfuehrungen-berlin-quadriga.jpg 202w, https:\/\/guide24.berlin\/wp-content\/uploads\/2023\/01\/stadtfuehrungen-berlin-quadriga-140x99.jpg 140w\" sizes=\"(max-width: 202px) 100vw, 202px\" \/><\/figure>\n<\/div>\n<\/div>\n","protected":false},"excerpt":{"rendered":"<p>Wunschtouren Berlin und Potsdam Sicherlich werden Sie feststellen, dass das Tourenprogramm f\u00fcr Berlin, Potsdam und Umgebung unbegrenzte M\u00f6glichkeiten bietet. Vielleicht haben Sie bereits \u00fcber andere Tourenvarianten nachgedacht? Gerne m\u00f6chte ich&hellip;<\/p>\n","protected":false},"author":1,"featured_media":0,"parent":0,"menu_order":0,"comment_status":"closed","ping_status":"closed","template":"","meta":[],"_links":{"self":[{"href":"https:\/\/guide24.berlin\/index.php?rest_route=\/wp\/v2\/pages\/111"}],"collection":[{"href":"https:\/\/guide24.berlin\/index.php?rest_route=\/wp\/v2\/pages"}],"about":[{"href":"https:\/\/guide24.berlin\/index.php?rest_route=\/wp\/v2\/types\/page"}],"author":[{"embeddable":true,"href":"https:\/\/guide24.berlin\/index.php?rest_route=\/wp\/v2\/users\/1"}],"replies":[{"embeddable":true,"href":"https:\/\/guide24.berlin\/index.php?rest_route=%2Fwp%2Fv2%2Fcomments&post=111"}],"version-history":[{"count":0,"href":"https:\/\/guide24.berlin\/index.php?rest_route=\/wp\/v2\/pages\/111\/revisions"}],"wp:attachment":[{"href":"https:\/\/guide24.berlin\/index.php?rest_route=%2Fwp%2Fv2%2Fmedia&parent=111"}],"curies":[{"name":"wp","href":"https:\/\/api.w.org\/{rel}","templated":true}]}}