{"id":103,"date":"2023-01-23T15:48:41","date_gmt":"2023-01-23T15:48:41","guid":{"rendered":"http:\/\/berlin.guide24.berlin\/?page_id=103"},"modified":"2023-06-21T15:08:27","modified_gmt":"2023-06-21T15:08:27","slug":"impressum","status":"publish","type":"page","link":"https:\/\/guide24.berlin\/?page_id=103","title":{"rendered":"Impressum"},"content":{"rendered":"\n<h1><\/h1>\n\n\n\n<h1 class=\"has-small-font-size\"><strong>Impressum<br>Angaben gem\u00e4\u00df \u00a7 5 TMG<br>Doris Weinkauf<br>G\u00e4stef\u00fchrungen<br>Kaiser-Friedrich-Stra\u00dfe 124 c<br>14469 Potsdam<\/strong><\/h1>\n\n\n\n<h1 class=\"has-small-font-size\"><strong><br>Kontakt<br>Telefon: 01773395216<br>E-Mail: doris.weinkauf@web.de<\/strong><\/h1>\n\n\n\n<h1 class=\"has-small-font-size\"><strong><br>Berufsbezeichnung und berufsrechtliche Regelungen<br>Berufsbezeichnung: G\u00e4stef\u00fchrerin<br>Zust\u00e4ndige Kammer: IHK Potsdam<br>Verliehen in: Deutschland<br>Es gelten folgende berufsrechtliche Regelungen: Angaben zur Berufshaftpflichtversicherung<br>Name und Sitz des Versicherers: Verischerung \u00fcber Guide e.V.<br>Geltungsraum der Versicherung: Deutschland<br>EU-Streitschlichtung <br>Die Europ\u00e4ische Kommission stellt eine Plattform zur Online-Streitbeilegung (OS) bereit:<br>https:\/\/ec.europa.eu\/consumers\/odr\/.<br>Unsere E-Mail-Adresse finden Sie oben im Impressum.<br>Verbraucherstreitbeilegung\/Universalschlichtungsstelle<br>Wir sind nicht bereit oder verpflichtet, an Streitbeilegungsverfahren vor einer<br>Verbraucherschlichtungsstelle teilzunehmen.<\/strong><\/h1>\n\n\n\n<h1 class=\"has-small-font-size\">IHK Nr. ID 013 833 78<\/h1>\n\n\n\n<h1 class=\"has-small-font-size\">Berufshaftpflicht \u00fcber DVGD <\/h1>\n\n\n\n<h1 class=\"has-small-font-size\">Bundesverband der G\u00e4stef\u00fchrer e.V.<\/h1>\n\n\n\n<h1 class=\"has-small-font-size\">Rheingoldweg 67<\/h1>\n\n\n\n<h1 class=\"has-small-font-size\">22559 Hamburg<\/h1>\n\n\n\n<h1 class=\"has-small-font-size\">St.Nr. 046 286 0758<\/h1>\n\n\n\n<h1 class=\"has-small-font-size\">Bankverbindung: IBAN DE02 1009 0000 1812 28 0003<\/h1>\n\n\n\n<h1 class=\"has-small-font-size\"><strong><br>Quelle:<br>https:\/\/www.e-recht24.de<\/strong><\/h1>\n","protected":false},"excerpt":{"rendered":"<p>ImpressumAngaben gem\u00e4\u00df \u00a7 5 TMGDoris WeinkaufG\u00e4stef\u00fchrungenKaiser-Friedrich-Stra\u00dfe 124 c14469 Potsdam KontaktTelefon: 01773395216E-Mail: doris.weinkauf@web.de Berufsbezeichnung und berufsrechtliche RegelungenBerufsbezeichnung: G\u00e4stef\u00fchrerinZust\u00e4ndige Kammer: IHK PotsdamVerliehen in: DeutschlandEs gelten folgende berufsrechtliche Regelungen: Angaben zur BerufshaftpflichtversicherungName und&hellip;<\/p>\n","protected":false},"author":1,"featured_media":0,"parent":0,"menu_order":0,"comment_status":"closed","ping_status":"closed","template":"","meta":[],"_links":{"self":[{"href":"https:\/\/guide24.berlin\/index.php?rest_route=\/wp\/v2\/pages\/103"}],"collection":[{"href":"https:\/\/guide24.berlin\/index.php?rest_route=\/wp\/v2\/pages"}],"about":[{"href":"https:\/\/guide24.berlin\/index.php?rest_route=\/wp\/v2\/types\/page"}],"author":[{"embeddable":true,"href":"https:\/\/guide24.berlin\/index.php?rest_route=\/wp\/v2\/users\/1"}],"replies":[{"embeddable":true,"href":"https:\/\/guide24.berlin\/index.php?rest_route=%2Fwp%2Fv2%2Fcomments&post=103"}],"version-history":[{"count":3,"href":"https:\/\/guide24.berlin\/index.php?rest_route=\/wp\/v2\/pages\/103\/revisions"}],"predecessor-version":[{"id":310,"href":"https:\/\/guide24.berlin\/index.php?rest_route=\/wp\/v2\/pages\/103\/revisions\/310"}],"wp:attachment":[{"href":"https:\/\/guide24.berlin\/index.php?rest_route=%2Fwp%2Fv2%2Fmedia&parent=103"}],"curies":[{"name":"wp","href":"https:\/\/api.w.org\/{rel}","templated":true}]}}